{"id":257811,"date":"2022-04-15T17:31:40","date_gmt":"2022-04-15T15:31:40","guid":{"rendered":"https:\/\/www.ladybird.fr\/?page_id=257811"},"modified":"2026-03-15T20:18:36","modified_gmt":"2026-03-15T19:18:36","slug":"mentions-legales","status":"publish","type":"page","link":"https:\/\/www.ladybird.fr\/index.php\/mentions-legales\/","title":{"rendered":"Mentions l\u00e9gales"},"content":{"rendered":"\n<div class=\"et_pb_section_0 et_pb_section et_section_regular et_block_section\"><div class=\"et_pb_row_0 et_pb_row et_block_row\"><div class=\"et_pb_column_0 et_pb_column et_pb_column_4_4 et-last-child et_block_column et_pb_css_mix_blend_mode_passthrough\"><div class=\"et_pb_text_0 et_pb_text et_pb_bg_layout_light et_pb_module et_block_module\"><div class=\"et_pb_text_inner\"><p>Ce site rel\u00e8ve de la l\u00e9gislation internationale sur le droit d\u2019auteur et la propri\u00e9t\u00e9 intellectuelle. L\u2019ensemble des textes, illustrations, photographies, plans, dessins, animations, vid\u00e9os, sons de ce site sont la propri\u00e9t\u00e9 de LADYBIRD GROUND SERVICES.<\/p>\n<p>Leur reproduction et utilisation par un tiers est interdite, sauf autorisation \u00e9crite de la part de LADYBIRD.<\/p>\n<p><strong>Nom du site : https:\/\/www.ladybird.fr<\/strong><\/p>\n<p>Editeur du site :\u00a0LADYBIRD GROUND SERVICES<\/p>\n<p>Conception et r\u00e9alisation :<span>\u00a0<\/span><a title=\"Agence MAKE\" href=\"https:\/\/agencemake.com\/\" target=\"_blank\" rel=\"noopener\">Agence MAKE<\/a><\/p>\n<p>&nbsp;<\/p>\n<p>H\u00e9bergement :\u00a0<strong>LADYBIRD GROUND SERVICES<\/strong><\/p>\n<p>Coordonn\u00e9es de l\u2019\u00e9diteur du site :\u00a033 Avenue de Wagram 75017 Paris<\/p>\n<p>En conformit\u00e9 avec les dispositions de la loi relative \u00e0 l\u2019Informatique, aux fichiers et aux libert\u00e9s, le traitement automatis\u00e9 de donn\u00e9es nominatives est r\u00e9alis\u00e9 \u00e0 partir du site https:\/\/www.ladybird.fr. Vous \u00eates notamment inform\u00e9 que les informations que vous communiquez par vos r\u00e9ponses aux formulaires pr\u00e9sents sur le site sont n\u00e9cessaires au traitement de votre demande et sont destin\u00e9es \u00e0 LADYBIRD GROUND SERVICES, responsable du traitement. Vous disposez, conform\u00e9ment \u00e0 la loi Informatique et libert\u00e9s, d\u2019un droit d\u2019acc\u00e8s et de rectification portant sur les donn\u00e9es vous concernant en \u00e9crivant \u00e0 :<br \/>LADYBIRD GROUND SERVICES<br \/>33 Avenue de Wagram<br \/>75017 Paris<\/p>\n<p>Si vous avez opt\u00e9 pour l\u2019affichage de votre nom ainsi que de votre courriel, ces informations seront conserv\u00e9es sur le serveur de LADYBIRD GROUND SERVICES pour la dur\u00e9e d\u2019exploitation du site. Vous pouvez \u00e0 tout moment demander la suppression de ces donn\u00e9es personnelles. La collecte d\u2019informations personnelles telles que des adresses mail \u00e0 l\u2019insu des participants est prohib\u00e9e.<\/p>\n<\/div><\/div><\/div><\/div><\/div>\n","protected":false},"excerpt":{"rendered":"","protected":false},"author":1,"featured_media":0,"parent":0,"menu_order":0,"comment_status":"closed","ping_status":"closed","template":"","meta":{"footnotes":""},"class_list":["post-257811","page","type-page","status-publish","hentry"],"yoast_head":"<!-- This site is optimized with the Yoast SEO plugin v27.4 - https:\/\/yoast.com\/product\/yoast-seo-wordpress\/ -->\n<title>Mentions l\u00e9gales - LadyBird<\/title>\n<meta name=\"robots\" content=\"index, follow, max-snippet:-1, max-image-preview:large, max-video-preview:-1\" \/>\n<link rel=\"canonical\" href=\"https:\/\/www.ladybird.fr\/index.php\/mentions-legales\/\" \/>\n<meta property=\"og:locale\" content=\"fr_FR\" \/>\n<meta property=\"og:type\" content=\"article\" \/>\n<meta property=\"og:title\" content=\"Mentions l\u00e9gales - LadyBird\" \/>\n<meta property=\"og:url\" content=\"https:\/\/www.ladybird.fr\/index.php\/mentions-legales\/\" \/>\n<meta property=\"og:site_name\" content=\"LadyBird\" \/>\n<meta property=\"article:publisher\" content=\"https:\/\/www.facebook.com\/ladybird.avico\" \/>\n<meta property=\"article:modified_time\" content=\"2026-03-15T19:18:36+00:00\" \/>\n<meta name=\"twitter:card\" content=\"summary_large_image\" \/>\n<script type=\"application\/ld+json\" class=\"yoast-schema-graph\">{\"@context\":\"https:\\\/\\\/schema.org\",\"@graph\":[{\"@type\":\"WebPage\",\"@id\":\"https:\\\/\\\/www.ladybird.fr\\\/index.php\\\/mentions-legales\\\/\",\"url\":\"https:\\\/\\\/www.ladybird.fr\\\/index.php\\\/mentions-legales\\\/\",\"name\":\"Mentions l\u00e9gales - LadyBird\",\"isPartOf\":{\"@id\":\"https:\\\/\\\/www.ladybird.fr\\\/#website\"},\"datePublished\":\"2022-04-15T15:31:40+00:00\",\"dateModified\":\"2026-03-15T19:18:36+00:00\",\"breadcrumb\":{\"@id\":\"https:\\\/\\\/www.ladybird.fr\\\/index.php\\\/mentions-legales\\\/#breadcrumb\"},\"inLanguage\":\"fr-FR\",\"potentialAction\":[{\"@type\":\"ReadAction\",\"target\":[\"https:\\\/\\\/www.ladybird.fr\\\/index.php\\\/mentions-legales\\\/\"]}]},{\"@type\":\"BreadcrumbList\",\"@id\":\"https:\\\/\\\/www.ladybird.fr\\\/index.php\\\/mentions-legales\\\/#breadcrumb\",\"itemListElement\":[{\"@type\":\"ListItem\",\"position\":1,\"name\":\"Accueil\",\"item\":\"https:\\\/\\\/www.ladybird.fr\\\/\"},{\"@type\":\"ListItem\",\"position\":2,\"name\":\"Mentions l\u00e9gales\"}]},{\"@type\":\"WebSite\",\"@id\":\"https:\\\/\\\/www.ladybird.fr\\\/#website\",\"url\":\"https:\\\/\\\/www.ladybird.fr\\\/\",\"name\":\"LadyBird\",\"description\":\"LadyBird\",\"publisher\":{\"@id\":\"https:\\\/\\\/www.ladybird.fr\\\/#organization\"},\"potentialAction\":[{\"@type\":\"SearchAction\",\"target\":{\"@type\":\"EntryPoint\",\"urlTemplate\":\"https:\\\/\\\/www.ladybird.fr\\\/?s={search_term_string}\"},\"query-input\":{\"@type\":\"PropertyValueSpecification\",\"valueRequired\":true,\"valueName\":\"search_term_string\"}}],\"inLanguage\":\"fr-FR\"},{\"@type\":\"Organization\",\"@id\":\"https:\\\/\\\/www.ladybird.fr\\\/#organization\",\"name\":\"LadyBird\",\"url\":\"https:\\\/\\\/www.ladybird.fr\\\/\",\"logo\":{\"@type\":\"ImageObject\",\"inLanguage\":\"fr-FR\",\"@id\":\"https:\\\/\\\/www.ladybird.fr\\\/#\\\/schema\\\/logo\\\/image\\\/\",\"url\":\"https:\\\/\\\/www.ladybird.fr\\\/wp-content\\\/uploads\\\/2022\\\/04\\\/Avico-LadybirdGS-vecto-01.png\",\"contentUrl\":\"https:\\\/\\\/www.ladybird.fr\\\/wp-content\\\/uploads\\\/2022\\\/04\\\/Avico-LadybirdGS-vecto-01.png\",\"width\":2134,\"height\":803,\"caption\":\"LadyBird\"},\"image\":{\"@id\":\"https:\\\/\\\/www.ladybird.fr\\\/#\\\/schema\\\/logo\\\/image\\\/\"},\"sameAs\":[\"https:\\\/\\\/www.facebook.com\\\/ladybird.avico\"]}]}<\/script>\n<!-- \/ Yoast SEO plugin. -->","yoast_head_json":{"title":"Mentions l\u00e9gales - LadyBird","robots":{"index":"index","follow":"follow","max-snippet":"max-snippet:-1","max-image-preview":"max-image-preview:large","max-video-preview":"max-video-preview:-1"},"canonical":"https:\/\/www.ladybird.fr\/index.php\/mentions-legales\/","og_locale":"fr_FR","og_type":"article","og_title":"Mentions l\u00e9gales - LadyBird","og_url":"https:\/\/www.ladybird.fr\/index.php\/mentions-legales\/","og_site_name":"LadyBird","article_publisher":"https:\/\/www.facebook.com\/ladybird.avico","article_modified_time":"2026-03-15T19:18:36+00:00","twitter_card":"summary_large_image","schema":{"@context":"https:\/\/schema.org","@graph":[{"@type":"WebPage","@id":"https:\/\/www.ladybird.fr\/index.php\/mentions-legales\/","url":"https:\/\/www.ladybird.fr\/index.php\/mentions-legales\/","name":"Mentions l\u00e9gales - LadyBird","isPartOf":{"@id":"https:\/\/www.ladybird.fr\/#website"},"datePublished":"2022-04-15T15:31:40+00:00","dateModified":"2026-03-15T19:18:36+00:00","breadcrumb":{"@id":"https:\/\/www.ladybird.fr\/index.php\/mentions-legales\/#breadcrumb"},"inLanguage":"fr-FR","potentialAction":[{"@type":"ReadAction","target":["https:\/\/www.ladybird.fr\/index.php\/mentions-legales\/"]}]},{"@type":"BreadcrumbList","@id":"https:\/\/www.ladybird.fr\/index.php\/mentions-legales\/#breadcrumb","itemListElement":[{"@type":"ListItem","position":1,"name":"Accueil","item":"https:\/\/www.ladybird.fr\/"},{"@type":"ListItem","position":2,"name":"Mentions l\u00e9gales"}]},{"@type":"WebSite","@id":"https:\/\/www.ladybird.fr\/#website","url":"https:\/\/www.ladybird.fr\/","name":"LadyBird","description":"LadyBird","publisher":{"@id":"https:\/\/www.ladybird.fr\/#organization"},"potentialAction":[{"@type":"SearchAction","target":{"@type":"EntryPoint","urlTemplate":"https:\/\/www.ladybird.fr\/?s={search_term_string}"},"query-input":{"@type":"PropertyValueSpecification","valueRequired":true,"valueName":"search_term_string"}}],"inLanguage":"fr-FR"},{"@type":"Organization","@id":"https:\/\/www.ladybird.fr\/#organization","name":"LadyBird","url":"https:\/\/www.ladybird.fr\/","logo":{"@type":"ImageObject","inLanguage":"fr-FR","@id":"https:\/\/www.ladybird.fr\/#\/schema\/logo\/image\/","url":"https:\/\/www.ladybird.fr\/wp-content\/uploads\/2022\/04\/Avico-LadybirdGS-vecto-01.png","contentUrl":"https:\/\/www.ladybird.fr\/wp-content\/uploads\/2022\/04\/Avico-LadybirdGS-vecto-01.png","width":2134,"height":803,"caption":"LadyBird"},"image":{"@id":"https:\/\/www.ladybird.fr\/#\/schema\/logo\/image\/"},"sameAs":["https:\/\/www.facebook.com\/ladybird.avico"]}]}},"_links":{"self":[{"href":"https:\/\/www.ladybird.fr\/index.php\/wp-json\/wp\/v2\/pages\/257811","targetHints":{"allow":["GET"]}}],"collection":[{"href":"https:\/\/www.ladybird.fr\/index.php\/wp-json\/wp\/v2\/pages"}],"about":[{"href":"https:\/\/www.ladybird.fr\/index.php\/wp-json\/wp\/v2\/types\/page"}],"author":[{"embeddable":true,"href":"https:\/\/www.ladybird.fr\/index.php\/wp-json\/wp\/v2\/users\/1"}],"replies":[{"embeddable":true,"href":"https:\/\/www.ladybird.fr\/index.php\/wp-json\/wp\/v2\/comments?post=257811"}],"version-history":[{"count":6,"href":"https:\/\/www.ladybird.fr\/index.php\/wp-json\/wp\/v2\/pages\/257811\/revisions"}],"predecessor-version":[{"id":258294,"href":"https:\/\/www.ladybird.fr\/index.php\/wp-json\/wp\/v2\/pages\/257811\/revisions\/258294"}],"wp:attachment":[{"href":"https:\/\/www.ladybird.fr\/index.php\/wp-json\/wp\/v2\/media?parent=257811"}],"curies":[{"name":"wp","href":"https:\/\/api.w.org\/{rel}","templated":true}]}}